{"id":1174,"date":"2022-10-01T03:48:38","date_gmt":"2022-10-01T03:48:38","guid":{"rendered":"https:\/\/ftpdemo.com\/tranzix\/?page_id=1174"},"modified":"2025-10-15T16:46:37","modified_gmt":"2025-10-15T16:46:37","slug":"perguntas-frequentes","status":"publish","type":"page","link":"https:\/\/lasbergui-ao.com\/?page_id=1174","title":{"rendered":"Perguntas Frequentes"},"content":{"rendered":"\t\t<div data-elementor-type=\"wp-page\" data-elementor-id=\"1174\" class=\"elementor elementor-1174\" data-elementor-post-type=\"page\">\n\t\t\t\t\t\t<section class=\"elementor-section elementor-top-section elementor-element elementor-element-598ac78 elementor-section-boxed elementor-section-height-default elementor-section-height-default\" data-id=\"598ac78\" data-element_type=\"section\">\n\t\t\t\t\t\t<div class=\"elementor-container elementor-column-gap-no\">\n\t\t\t\t\t<div class=\"elementor-column elementor-col-50 elementor-top-column elementor-element elementor-element-7a181ba\" data-id=\"7a181ba\" data-element_type=\"column\">\n\t\t\t<div class=\"elementor-widget-wrap elementor-element-populated\">\n\t\t\t\t\t\t<div class=\"elementor-element elementor-element-0e13516 elementor-widget elementor-widget-tranzix_faq\" data-id=\"0e13516\" data-element_type=\"widget\" data-widget_type=\"tranzix_faq.default\">\n\t\t\t\t<div class=\"elementor-widget-container\">\n\t\t\t\t\t        \n\t\t\t\t\n\t\t\t\t\n\t\t\t\t\n\t\t\t\t\n\t\t\t\t\n\t\t\t\t\n\t\t<section class=\"faq-page-section faq-page-3 p_relative \">\n            <div class=\"auto-container\">\n                <div class=\"row clearfix\">\n                    <div class=\"col-lg-12 col-md-12 col-sm-12 faq-column\">\n                        <div class=\"faq-content\">\n                            <div class=\"content_block_five\">\n                                <div class=\"content-box p_relative d_block\">\n                                    <ul class=\"accordion-box\">\n\t\t\t\t\t\t\t\t\t\n\t\t\t\t\t\t\t\t\t\t\t\t\t\t\t\t\t\t\t\n                                        <li class=\"accordion block active-block p_relative d_block mb_30\">\n                                            <div class=\"acc-btn active p_relative d_block tran_5 pt_16 pr_80 pb_16 pl_30\">\n                                                <div class=\"icon-outer p_absolute fs_10 tran_5 z_1\"><i class=\"icon-29\"><\/i><\/div>\n                                                <h4 class=\"p_relative d_block fs_24 lh_30 fw_medium\">Quais s\u00e3o os servi\u00e7os oferecidos pela Las Bergui, LA<\/h4>\n                                            <\/div>\n                                            <div class=\"acc-content current p_relative pt_25 pr_50 pl_30\">\n                                                <div class=\"text p_relative d_block\">\n                                                    <p class=\"font_family_poppins\">Oferecemos solu\u00e7\u00f5es completas em Agente de navega\u00e7\u00e3o, Presta\u00e7\u00e3o de servi\u00e7o de operador de estiva portu\u00e1ria, Embarque e desembarque de pessoal, Fornecimento de Gas\u00f3leo, Querosene (Petr\u00f3leo), Instala\u00e7\u00e3o de equipamentos industriais, Lubrificante (GALP, SONANGOL &amp; PUMANGOL), Presta\u00e7\u00e3o de servi\u00e7o de transporte.<\/p>\n                                                <\/div>\n                                            <\/div>\n                                        <\/li>\n\t\t\t\t\t\t\t\t\t\t\n\t\t\t\t\t\t\t\t\t\t\t\t\t\t\t\t\t\t\t\n                                        <li class=\"accordion block  p_relative d_block mb_30\">\n                                            <div class=\"acc-btn  p_relative d_block tran_5 pt_16 pr_80 pb_16 pl_30\">\n                                                <div class=\"icon-outer p_absolute fs_10 tran_5 z_1\"><i class=\"icon-29\"><\/i><\/div>\n                                                <h4 class=\"p_relative d_block fs_24 lh_30 fw_medium\">A Las Bergui, LA faz entregas em todas as prov\u00edncias de Angola?<\/h4>\n                                            <\/div>\n                                            <div class=\"acc-content  p_relative pt_25 pr_50 pl_30\">\n                                                <div class=\"text p_relative d_block\">\n                                                    <p class=\"font_family_poppins\">Sim. Dispomos de uma rede log\u00edstica ampla que nos permite realizar entregas em todas as prov\u00edncias do pa\u00eds, com seguran\u00e7a e pontualidade.<\/p>\n                                                <\/div>\n                                            <\/div>\n                                        <\/li>\n\t\t\t\t\t\t\t\t\t\t\n\t\t\t\t\t\t\t\t\t\t\t\t\t\t\t\t\t\t\t\n                                        <li class=\"accordion block  p_relative d_block mb_30\">\n                                            <div class=\"acc-btn  p_relative d_block tran_5 pt_16 pr_80 pb_16 pl_30\">\n                                                <div class=\"icon-outer p_absolute fs_10 tran_5 z_1\"><i class=\"icon-29\"><\/i><\/div>\n                                                <h4 class=\"p_relative d_block fs_24 lh_30 fw_medium\">Posso rastrear a minha encomenda em tempo real?<\/h4>\n                                            <\/div>\n                                            <div class=\"acc-content  p_relative pt_25 pr_50 pl_30\">\n                                                <div class=\"text p_relative d_block\">\n                                                    <p class=\"font_family_poppins\">Sim. O nosso sistema digital permite acompanhar cada etapa do transporte, desde a recolha at\u00e9 \u00e0 entrega final, com atualiza\u00e7\u00f5es em tempo real.<\/p>\n                                                <\/div>\n                                            <\/div>\n                                        <\/li>\n\t\t\t\t\t\t\t\t\t\t\n\t\t\t\t\t\t\t\t\t\t\t\t\t\t\t\t\t\t\t\n                                        <li class=\"accordion block  p_relative d_block mb_30\">\n                                            <div class=\"acc-btn  p_relative d_block tran_5 pt_16 pr_80 pb_16 pl_30\">\n                                                <div class=\"icon-outer p_absolute fs_10 tran_5 z_1\"><i class=\"icon-29\"><\/i><\/div>\n                                                <h4 class=\"p_relative d_block fs_24 lh_30 fw_medium\">A empresa oferece servi\u00e7os de transporte internacional?<\/h4>\n                                            <\/div>\n                                            <div class=\"acc-content  p_relative pt_25 pr_50 pl_30\">\n                                                <div class=\"text p_relative d_block\">\n                                                    <p class=\"font_family_poppins\">Sim. Trabalhamos com parceiros internacionais para garantir transporte seguro e eficiente de mercadorias entre Angola e outros pa\u00edses.<\/p>\n                                                <\/div>\n                                            <\/div>\n                                        <\/li>\n\t\t\t\t\t\t\t\t\t\t\n\t\t\t\t\t\t\t\t\t\t\t\t\t\t\t\t\t\t\t\n                                        <li class=\"accordion block  p_relative d_block mb_30\">\n                                            <div class=\"acc-btn  p_relative d_block tran_5 pt_16 pr_80 pb_16 pl_30\">\n                                                <div class=\"icon-outer p_absolute fs_10 tran_5 z_1\"><i class=\"icon-29\"><\/i><\/div>\n                                                <h4 class=\"p_relative d_block fs_24 lh_30 fw_medium\">Quais tipos de produtos a Las Bergui, LA transporta?<\/h4>\n                                            <\/div>\n                                            <div class=\"acc-content  p_relative pt_25 pr_50 pl_30\">\n                                                <div class=\"text p_relative d_block\">\n                                                    <p class=\"font_family_poppins\">Transportamos uma ampla variedade de produtos, incluindo alimentos, materiais de constru\u00e7\u00e3o, equipamentos industriais, produtos farmac\u00eauticos e eletr\u00f4nicos.<\/p>\n                                                <\/div>\n                                            <\/div>\n                                        <\/li>\n\t\t\t\t\t\t\t\t\t\t\n\t\t\t\t\t\t\t\t\t\t\t\t\t\t\t\t\t\t\t\t\n                                    <\/ul>\n                                <\/div>\n                            <\/div>\n                        <\/div>\n                    <\/div>\n                <\/div>\n            <\/div>\n        <\/section>\n\t\t\n\t\t             \n\t\t\t\t\t\t<\/div>\n\t\t\t\t<\/div>\n\t\t\t\t\t<\/div>\n\t\t<\/div>\n\t\t\t\t<div class=\"elementor-column elementor-col-50 elementor-top-column elementor-element elementor-element-08866ec\" data-id=\"08866ec\" data-element_type=\"column\">\n\t\t\t<div class=\"elementor-widget-wrap elementor-element-populated\">\n\t\t\t\t\t\t<div class=\"elementor-element elementor-element-3a8a37a elementor-widget elementor-widget-tranzix_faq\" data-id=\"3a8a37a\" data-element_type=\"widget\" data-widget_type=\"tranzix_faq.default\">\n\t\t\t\t<div class=\"elementor-widget-container\">\n\t\t\t\t\t        \n\t\t\t\t\n\t\t\t\t\n\t\t\t\t\n\t\t\t\t\n\t\t\t\t\n\t\t\t\t\n\t\t<section class=\"faq-page-section faq-page-3 p_relative \">\n            <div class=\"auto-container\">\n                <div class=\"row clearfix\">\n                    <div class=\"col-lg-12 col-md-12 col-sm-12 faq-column\">\n                        <div class=\"faq-content\">\n                            <div class=\"content_block_five\">\n                                <div class=\"content-box p_relative d_block\">\n                                    <ul class=\"accordion-box\">\n\t\t\t\t\t\t\t\t\t\n\t\t\t\t\t\t\t\t\t\t\t\t\t\t\t\t\t\t\t\n                                        <li class=\"accordion block active-block p_relative d_block mb_30\">\n                                            <div class=\"acc-btn active p_relative d_block tran_5 pt_16 pr_80 pb_16 pl_30\">\n                                                <div class=\"icon-outer p_absolute fs_10 tran_5 z_1\"><i class=\"icon-29\"><\/i><\/div>\n                                                <h4 class=\"p_relative d_block fs_24 lh_30 fw_medium\">Como posso solicitar um or\u00e7amento?<\/h4>\n                                            <\/div>\n                                            <div class=\"acc-content current p_relative pt_25 pr_50 pl_30\">\n                                                <div class=\"text p_relative d_block\">\n                                                    <p class=\"font_family_poppins\">Pode solicitar um or\u00e7amento atrav\u00e9s do nosso site, preenchendo o formul\u00e1rio de contacto ou enviando uma mensagem diretamente para o nosso WhatsApp corporativo.<\/p>\n                                                <\/div>\n                                            <\/div>\n                                        <\/li>\n\t\t\t\t\t\t\t\t\t\t\n\t\t\t\t\t\t\t\t\t\t\t\t\t\t\t\t\t\t\t\n                                        <li class=\"accordion block  p_relative d_block mb_30\">\n                                            <div class=\"acc-btn  p_relative d_block tran_5 pt_16 pr_80 pb_16 pl_30\">\n                                                <div class=\"icon-outer p_absolute fs_10 tran_5 z_1\"><i class=\"icon-29\"><\/i><\/div>\n                                                <h4 class=\"p_relative d_block fs_24 lh_30 fw_medium\">Os servi\u00e7os de embalagem est\u00e3o inclu\u00eddos no transporte?<\/h4>\n                                            <\/div>\n                                            <div class=\"acc-content  p_relative pt_25 pr_50 pl_30\">\n                                                <div class=\"text p_relative d_block\">\n                                                    <p class=\"font_family_poppins\">Sim. Oferecemos op\u00e7\u00f5es de embalagem t\u00e9cnica e personalizada para garantir a m\u00e1xima seguran\u00e7a das mercadorias durante o transporte.<\/p>\n                                                <\/div>\n                                            <\/div>\n                                        <\/li>\n\t\t\t\t\t\t\t\t\t\t\n\t\t\t\t\t\t\t\t\t\t\t\t\t\t\t\t\t\t\t\n                                        <li class=\"accordion block  p_relative d_block mb_30\">\n                                            <div class=\"acc-btn  p_relative d_block tran_5 pt_16 pr_80 pb_16 pl_30\">\n                                                <div class=\"icon-outer p_absolute fs_10 tran_5 z_1\"><i class=\"icon-29\"><\/i><\/div>\n                                                <h4 class=\"p_relative d_block fs_24 lh_30 fw_medium\">A Las Bergui, LA oferece armazenagem tempor\u00e1ria<\/h4>\n                                            <\/div>\n                                            <div class=\"acc-content  p_relative pt_25 pr_50 pl_30\">\n                                                <div class=\"text p_relative d_block\">\n                                                    <p class=\"font_family_poppins\">Sim. Dispomos de armaz\u00e9ns equipados para armazenagem tempor\u00e1ria ou de longo prazo, com controlo de invent\u00e1rio e seguran\u00e7a 24h.<\/p>\n                                                <\/div>\n                                            <\/div>\n                                        <\/li>\n\t\t\t\t\t\t\t\t\t\t\n\t\t\t\t\t\t\t\t\t\t\t\t\t\t\t\t\t\t\t\n                                        <li class=\"accordion block  p_relative d_block mb_30\">\n                                            <div class=\"acc-btn  p_relative d_block tran_5 pt_16 pr_80 pb_16 pl_30\">\n                                                <div class=\"icon-outer p_absolute fs_10 tran_5 z_1\"><i class=\"icon-29\"><\/i><\/div>\n                                                <h4 class=\"p_relative d_block fs_24 lh_30 fw_medium\">Como posso candidatar-me a uma vaga na empresa?<\/h4>\n                                            <\/div>\n                                            <div class=\"acc-content  p_relative pt_25 pr_50 pl_30\">\n                                                <div class=\"text p_relative d_block\">\n                                                    <p class=\"font_family_poppins\">As oportunidades de emprego s\u00e3o divulgadas na nossa rede Linkedin.<\/p>\n                                                <\/div>\n                                            <\/div>\n                                        <\/li>\n\t\t\t\t\t\t\t\t\t\t\n\t\t\t\t\t\t\t\t\t\t\t\t\t\t\t\t\t\t\t\n                                        <li class=\"accordion block  p_relative d_block mb_30\">\n                                            <div class=\"acc-btn  p_relative d_block tran_5 pt_16 pr_80 pb_16 pl_30\">\n                                                <div class=\"icon-outer p_absolute fs_10 tran_5 z_1\"><i class=\"icon-29\"><\/i><\/div>\n                                                <h4 class=\"p_relative d_block fs_24 lh_30 fw_medium\">A empresa realiza transportes urgentes ou expressos?<\/h4>\n                                            <\/div>\n                                            <div class=\"acc-content  p_relative pt_25 pr_50 pl_30\">\n                                                <div class=\"text p_relative d_block\">\n                                                    <p class=\"font_family_poppins\">Sim. Temos servi\u00e7os de entrega expressa para clientes que precisam de rapidez e prioridade no envio das suas encomendas.<\/p>\n                                                <\/div>\n                                            <\/div>\n                                        <\/li>\n\t\t\t\t\t\t\t\t\t\t\n\t\t\t\t\t\t\t\t\t\t\t\t\t\t\t\t\t\t\t\t\n                                    <\/ul>\n                                <\/div>\n                            <\/div>\n                        <\/div>\n                    <\/div>\n                <\/div>\n            <\/div>\n        <\/section>\n\t\t\n\t\t             \n\t\t\t\t\t\t<\/div>\n\t\t\t\t<\/div>\n\t\t\t\t\t<\/div>\n\t\t<\/div>\n\t\t\t\t\t<\/div>\n\t\t<\/section>\n\t\t\t\t<section class=\"elementor-section elementor-top-section elementor-element elementor-element-7aabc84 elementor-section-full_width elementor-section-height-default elementor-section-height-default\" data-id=\"7aabc84\" data-element_type=\"section\">\n\t\t\t\t\t\t<div class=\"elementor-container elementor-column-gap-no\">\n\t\t\t\t\t<div class=\"elementor-column elementor-col-100 elementor-top-column elementor-element elementor-element-9f4bcdc\" data-id=\"9f4bcdc\" data-element_type=\"column\">\n\t\t\t<div class=\"elementor-widget-wrap elementor-element-populated\">\n\t\t\t\t\t\t<div class=\"elementor-element elementor-element-0487a74 elementor-widget elementor-widget-tranzix_contact\" data-id=\"0487a74\" data-element_type=\"widget\" data-widget_type=\"tranzix_contact.default\">\n\t\t\t\t<div class=\"elementor-widget-container\">\n\t\t\t\t\t\t\t\n\t\t\t\t\n\t\t\t\t\n\t\t\t\t\n\t\t<section class=\"contact-one faq-page-3 p_relative pt_140 pb_150 bg-color-1 \">\n\t\t\t            <div class=\"shape p_absolute l_0 t_50\" style=\"background-image: url();\">\n\t\t\t\t\t\t<\/div>\n            <div class=\"auto-container\">\n                <div class=\"row clearfix\">\n                    <div class=\"col-lg-8 col-md-12 col-sm-12 offset-lg-2 inner-column\">\n                        <div class=\"inner-box p_relative\">\n\t\t\t\t\t\t\t                            <div class=\"sec-title p_relative d_block mb_50 centred\">\n                                <h2 class=\"d_block fs_40 lh_52 fw_bold\">Tem alguma d\u00favida?<\/h2>\n                            <\/div>\n\t\t\t\t\t\t\t                            <div class=\"form-inner p_relative d_block\">\n\t\t\t\t\t\t\t\n\t\t\t\t\t\t\t\t\n<div class=\"wpcf7 no-js\" id=\"wpcf7-f1192-o1\" lang=\"en-US\" dir=\"ltr\" data-wpcf7-id=\"1192\">\n<div class=\"screen-reader-response\"><p role=\"status\" aria-live=\"polite\" aria-atomic=\"true\"><\/p> <ul><\/ul><\/div>\n<form action=\"\/index.php?rest_route=%2Fwp%2Fv2%2Fpages%2F1174#wpcf7-f1192-o1\" method=\"post\" class=\"wpcf7-form init\" aria-label=\"Contact form\" novalidate=\"novalidate\" data-status=\"init\">\n<fieldset class=\"hidden-fields-container\"><input type=\"hidden\" name=\"_wpcf7\" value=\"1192\" \/><input type=\"hidden\" name=\"_wpcf7_version\" value=\"6.1.2\" \/><input type=\"hidden\" name=\"_wpcf7_locale\" value=\"en_US\" \/><input type=\"hidden\" name=\"_wpcf7_unit_tag\" value=\"wpcf7-f1192-o1\" \/><input type=\"hidden\" name=\"_wpcf7_container_post\" value=\"0\" \/><input type=\"hidden\" name=\"_wpcf7_posted_data_hash\" value=\"\" \/>\n<\/fieldset>\n<div class=\"default-form\">\n\t<div class=\"row clearfix\">\n\t\t<div class=\"col-lg-6 col-md-6 col-sm-12 form-group mb_30\">\n\t\t\t<p><span class=\"wpcf7-form-control-wrap\" data-name=\"text-491\"><input size=\"40\" maxlength=\"400\" class=\"wpcf7-form-control wpcf7-text wpcf7-validates-as-required\" aria-required=\"true\" aria-invalid=\"false\" placeholder=\"Your Name\" value=\"\" type=\"text\" name=\"text-491\" \/><\/span>\n\t\t\t<\/p>\n\t\t<\/div>\n\t\t<div class=\"col-lg-6 col-md-6 col-sm-12 form-group mb_30\">\n\t\t\t<p><span class=\"wpcf7-form-control-wrap\" data-name=\"email-87\"><input size=\"40\" maxlength=\"400\" class=\"wpcf7-form-control wpcf7-email wpcf7-validates-as-required wpcf7-text wpcf7-validates-as-email\" aria-required=\"true\" aria-invalid=\"false\" placeholder=\"Email Address\" value=\"\" type=\"email\" name=\"email-87\" \/><\/span>\n\t\t\t<\/p>\n\t\t<\/div>\n\t\t<div class=\"col-lg-12 col-md-12 col-sm-12 form-group mb_30\">\n\t\t\t<p><span class=\"wpcf7-form-control-wrap\" data-name=\"tel-689\"><input size=\"40\" maxlength=\"400\" class=\"wpcf7-form-control wpcf7-tel wpcf7-validates-as-required wpcf7-text wpcf7-validates-as-tel\" aria-required=\"true\" aria-invalid=\"false\" placeholder=\"Phone Number\" value=\"\" type=\"tel\" name=\"tel-689\" \/><\/span>\n\t\t\t<\/p>\n\t\t<\/div>\n\t\t<div class=\"col-lg-12 col-md-12 col-sm-12 form-group mb_30\">\n\t\t\t<p><span class=\"wpcf7-form-control-wrap\" data-name=\"textarea-959\"><textarea cols=\"40\" rows=\"10\" maxlength=\"2000\" class=\"wpcf7-form-control wpcf7-textarea wpcf7-validates-as-required\" aria-required=\"true\" aria-invalid=\"false\" placeholder=\"Message\" name=\"textarea-959\"><\/textarea><\/span>\n\t\t\t<\/p>\n\t\t<\/div>\n\t\t<div class=\"col-lg-12 col-md-12 col-sm-12 form-group message-btn mb_0 centred\">\n\t\t\t<p><button class=\"theme-btn theme-btn-five\" type=\"submit\" name=\"submit-form\">Send Message <i class=\"icon-4\"><\/i><\/button>\n\t\t\t<\/p>\n\t\t<\/div>\n\t<\/div>\n<\/div><div class=\"wpcf7-response-output\" aria-hidden=\"true\"><\/div>\n<\/form>\n<\/div>\n\t\t\t\t\t\t\t\n                            <\/div>\n                        <\/div>\n                    <\/div>\n                <\/div>\n            <\/div>\n        <\/section>\n\t\t\n\t\t\t\t\n\t\t\t\t\n             \n\t\t\t\t\t\t<\/div>\n\t\t\t\t<\/div>\n\t\t\t\t\t<\/div>\n\t\t<\/div>\n\t\t\t\t\t<\/div>\n\t\t<\/section>\n\t\t\t\t<\/div>\n\t\t","protected":false},"excerpt":{"rendered":"<p>Quais s\u00e3o os servi\u00e7os oferecidos pela Las Bergui, LA Oferecemos solu\u00e7\u00f5es completas em Agente de navega\u00e7\u00e3o, Presta\u00e7\u00e3o de servi\u00e7o de operador de estiva portu\u00e1ria, Embarque e desembarque de pessoal, Fornecimento de Gas\u00f3leo, Querosene (Petr\u00f3leo), Instala\u00e7\u00e3o de equipamentos industriais, Lubrificante (GALP, SONANGOL &amp; PUMANGOL), Presta\u00e7\u00e3o de servi\u00e7o de transporte. A Las Bergui, LA faz entregas em [&hellip;]<\/p>\n","protected":false},"author":1,"featured_media":0,"parent":0,"menu_order":0,"comment_status":"closed","ping_status":"closed","template":"tpl-default-elementor.php","meta":{"footnotes":""},"class_list":["post-1174","page","type-page","status-publish","hentry"],"_links":{"self":[{"href":"https:\/\/lasbergui-ao.com\/index.php?rest_route=\/wp\/v2\/pages\/1174","targetHints":{"allow":["GET"]}}],"collection":[{"href":"https:\/\/lasbergui-ao.com\/index.php?rest_route=\/wp\/v2\/pages"}],"about":[{"href":"https:\/\/lasbergui-ao.com\/index.php?rest_route=\/wp\/v2\/types\/page"}],"author":[{"embeddable":true,"href":"https:\/\/lasbergui-ao.com\/index.php?rest_route=\/wp\/v2\/users\/1"}],"replies":[{"embeddable":true,"href":"https:\/\/lasbergui-ao.com\/index.php?rest_route=%2Fwp%2Fv2%2Fcomments&post=1174"}],"version-history":[{"count":13,"href":"https:\/\/lasbergui-ao.com\/index.php?rest_route=\/wp\/v2\/pages\/1174\/revisions"}],"predecessor-version":[{"id":1891,"href":"https:\/\/lasbergui-ao.com\/index.php?rest_route=\/wp\/v2\/pages\/1174\/revisions\/1891"}],"wp:attachment":[{"href":"https:\/\/lasbergui-ao.com\/index.php?rest_route=%2Fwp%2Fv2%2Fmedia&parent=1174"}],"curies":[{"name":"wp","href":"https:\/\/api.w.org\/{rel}","templated":true}]}}