{"id":307,"date":"2022-08-29T03:17:00","date_gmt":"2022-08-29T03:17:00","guid":{"rendered":"https:\/\/ftpdemo.com\/tranzix\/?page_id=307"},"modified":"2025-10-15T16:19:47","modified_gmt":"2025-10-15T16:19:47","slug":"services","status":"publish","type":"page","link":"https:\/\/lasbergui-ao.com\/?page_id=307","title":{"rendered":"Nossos Servi\u00e7os"},"content":{"rendered":"\t\t<div data-elementor-type=\"wp-page\" data-elementor-id=\"307\" class=\"elementor elementor-307\" data-elementor-post-type=\"page\">\n\t\t\t\t\t\t<section class=\"elementor-section elementor-top-section elementor-element elementor-element-b13e670 elementor-section-full_width elementor-section-height-default elementor-section-height-default\" data-id=\"b13e670\" data-element_type=\"section\">\n\t\t\t\t\t\t<div class=\"elementor-container elementor-column-gap-no\">\n\t\t\t\t\t<div class=\"elementor-column elementor-col-100 elementor-top-column elementor-element elementor-element-204e556\" data-id=\"204e556\" data-element_type=\"column\">\n\t\t\t<div class=\"elementor-widget-wrap elementor-element-populated\">\n\t\t\t\t\t\t<div class=\"elementor-element elementor-element-3c5cba9 e-transform e-transform e-transform e-transform elementor-widget elementor-widget-tranzix_service\" data-id=\"3c5cba9\" data-element_type=\"widget\" data-settings=\"{&quot;_transform_rotateZ_effect&quot;:{&quot;unit&quot;:&quot;px&quot;,&quot;size&quot;:&quot;&quot;,&quot;sizes&quot;:[]},&quot;_transform_rotateZ_effect_tablet&quot;:{&quot;unit&quot;:&quot;deg&quot;,&quot;size&quot;:&quot;&quot;,&quot;sizes&quot;:[]},&quot;_transform_rotateZ_effect_mobile&quot;:{&quot;unit&quot;:&quot;deg&quot;,&quot;size&quot;:&quot;&quot;,&quot;sizes&quot;:[]},&quot;_transform_translateX_effect&quot;:{&quot;unit&quot;:&quot;px&quot;,&quot;size&quot;:&quot;&quot;,&quot;sizes&quot;:[]},&quot;_transform_translateX_effect_tablet&quot;:{&quot;unit&quot;:&quot;px&quot;,&quot;size&quot;:&quot;&quot;,&quot;sizes&quot;:[]},&quot;_transform_translateX_effect_mobile&quot;:{&quot;unit&quot;:&quot;px&quot;,&quot;size&quot;:&quot;&quot;,&quot;sizes&quot;:[]},&quot;_transform_translateY_effect&quot;:{&quot;unit&quot;:&quot;px&quot;,&quot;size&quot;:&quot;&quot;,&quot;sizes&quot;:[]},&quot;_transform_translateY_effect_tablet&quot;:{&quot;unit&quot;:&quot;px&quot;,&quot;size&quot;:&quot;&quot;,&quot;sizes&quot;:[]},&quot;_transform_translateY_effect_mobile&quot;:{&quot;unit&quot;:&quot;px&quot;,&quot;size&quot;:&quot;&quot;,&quot;sizes&quot;:[]},&quot;_transform_scale_effect&quot;:{&quot;unit&quot;:&quot;px&quot;,&quot;size&quot;:&quot;&quot;,&quot;sizes&quot;:[]},&quot;_transform_scale_effect_tablet&quot;:{&quot;unit&quot;:&quot;px&quot;,&quot;size&quot;:&quot;&quot;,&quot;sizes&quot;:[]},&quot;_transform_scale_effect_mobile&quot;:{&quot;unit&quot;:&quot;px&quot;,&quot;size&quot;:&quot;&quot;,&quot;sizes&quot;:[]},&quot;_transform_skewX_effect&quot;:{&quot;unit&quot;:&quot;px&quot;,&quot;size&quot;:&quot;&quot;,&quot;sizes&quot;:[]},&quot;_transform_skewX_effect_tablet&quot;:{&quot;unit&quot;:&quot;deg&quot;,&quot;size&quot;:&quot;&quot;,&quot;sizes&quot;:[]},&quot;_transform_skewX_effect_mobile&quot;:{&quot;unit&quot;:&quot;deg&quot;,&quot;size&quot;:&quot;&quot;,&quot;sizes&quot;:[]},&quot;_transform_skewY_effect&quot;:{&quot;unit&quot;:&quot;px&quot;,&quot;size&quot;:&quot;&quot;,&quot;sizes&quot;:[]},&quot;_transform_skewY_effect_tablet&quot;:{&quot;unit&quot;:&quot;deg&quot;,&quot;size&quot;:&quot;&quot;,&quot;sizes&quot;:[]},&quot;_transform_skewY_effect_mobile&quot;:{&quot;unit&quot;:&quot;deg&quot;,&quot;size&quot;:&quot;&quot;,&quot;sizes&quot;:[]}}\" data-widget_type=\"tranzix_service.default\">\n\t\t\t\t<div class=\"elementor-widget-container\">\n\t\t\t\t\t\t\t\n\t\t\t\t\n\t\t\t\t\n\t\t<section class=\"about-three about-page-1 p_relative pt_140 pb_150 service\">\n            <div class=\"auto-container\">\n\t\t\t\t                <div class=\"upper-box p_relative d_block mb_60 centred\">\n                    <div class=\"row clearfix\">\n                        <div class=\"col-lg-12 col-md-12 col-sm-12 title-column\">\n                            <div class=\"sec-title-three p_relative d_block mr_100 mt_10\">\n                                <h6 class=\"d_block fs_18 lh_26 fw_sbold uppercase mb_12\"><\/h6>\n                                <h2 class=\"d_block fs_50 fw_bold\">Os Nossos Servi\u00e7os<\/h2>\n                            <\/div>\n                        <\/div>\n                    <\/div>\n                <\/div>\n\t\t\t\t                <div class=\"row clearfix\">\n\t\t\t\t\n\t\t\t\t\t\t\t\t\t\n                    <div class=\"col-lg-4 col-md-6 col-sm-12 feature-block\">\n                        <div class=\"feature-block-three wow fadeInUp animated animated\" data-wow-delay=\"00ms\" data-wow-duration=\"1500ms\">\n                            <div class=\"inner-box p_relative d_block b_radius_10 b_shadow_6 pl_40 pt_70 pr_40 pb_70 centred\">\n                                <div class=\"icon-box p_relative d_iblock w_80 h_80 lh_85 fs_45 centred b_radius_50 mb_20\"><i class=\" icon-65\"><\/i><\/div>\n                                <h4 class=\"d_block fs_24 lh_30 fw_sbold mb_15 tran_5\">AGENTE DE <\/br>\n NAVEGA\u00c7\u00c3O<\/h4>\n                                <p class=\"font_family_poppins tran_5\">Acompanhamos e representamos embarca\u00e7\u00f5es nacionais e internacionais em portos angolanos, garantindo efici\u00eancia em todos os processos de escala, documenta\u00e7\u00e3o e coordena\u00e7\u00e3o com as autoridades mar\u00edtimas.<\/p>\n                            <\/div>\n                        <\/div>\n                    <\/div>\n\t\t\t\t\t\n\t\t\t\t\t\t\t\t\t\n                    <div class=\"col-lg-4 col-md-6 col-sm-12 feature-block\">\n                        <div class=\"feature-block-three wow fadeInUp animated animated\" data-wow-delay=\"00ms\" data-wow-duration=\"1500ms\">\n                            <div class=\"inner-box p_relative d_block b_radius_10 b_shadow_6 pl_40 pt_70 pr_40 pb_70 centred\">\n                                <div class=\"icon-box p_relative d_iblock w_80 h_80 lh_85 fs_45 centred b_radius_50 mb_20\"><i class=\" icon-63\"><\/i><\/div>\n                                <h4 class=\"d_block fs_24 lh_30 fw_sbold mb_15 tran_5\">PRESTA\u00c7\u00c3O DE SERVI\u00c7O  <\/br>\nDE OPERADOR DE ESTIVA PORTU\u00c1RIA<\/h4>\n                                <p class=\"font_family_poppins tran_5\">Executamos opera\u00e7\u00f5es de carga e descarga com rigor t\u00e9cnico, seguran\u00e7a e cumprimento das normas internacionais, assegurando rapidez e redu\u00e7\u00e3o de custos log\u00edsticos.<\/p>\n                            <\/div>\n                        <\/div>\n                    <\/div>\n\t\t\t\t\t\n\t\t\t\t\t\t\t\t\t\n                    <div class=\"col-lg-4 col-md-6 col-sm-12 feature-block\">\n                        <div class=\"feature-block-three wow fadeInUp animated animated\" data-wow-delay=\"00ms\" data-wow-duration=\"1500ms\">\n                            <div class=\"inner-box p_relative d_block b_radius_10 b_shadow_6 pl_40 pt_70 pr_40 pb_70 centred\">\n                                <div class=\"icon-box p_relative d_iblock w_80 h_80 lh_85 fs_45 centred b_radius_50 mb_20\"><i class=\" icon-64\"><\/i><\/div>\n                                <h4 class=\"d_block fs_24 lh_30 fw_sbold mb_15 tran_5\">EMBARQUE E DESEMBARQUE <\/br>\nDE PESSOAL <\/h4>\n                                <p class=\"font_family_poppins tran_5\">Organizamos a movimenta\u00e7\u00e3o de tripula\u00e7\u00f5es e trabalhadores especializados, oferecendo solu\u00e7\u00f5es \u00e1geis e seguras para embarque e desembarque em portos e plataformas.<\/p>\n                            <\/div>\n                        <\/div>\n                    <\/div>\n\t\t\t\t\t\n\t\t\t\t\t\t\t\t\t\n                    <div class=\"col-lg-4 col-md-6 col-sm-12 feature-block\">\n                        <div class=\"feature-block-three wow fadeInUp animated animated\" data-wow-delay=\"00ms\" data-wow-duration=\"1500ms\">\n                            <div class=\"inner-box p_relative d_block b_radius_10 b_shadow_6 pl_40 pt_70 pr_40 pb_70 centred\">\n                                <div class=\"icon-box p_relative d_iblock w_80 h_80 lh_85 fs_45 centred b_radius_50 mb_20\"><i class=\" icon-58\"><\/i><\/div>\n                                <h4 class=\"d_block fs_24 lh_30 fw_sbold mb_15 tran_5\">ASFALTO BETUMINOSO <\/br>\n 50\/70<\/h4>\n                                <p class=\"font_family_poppins tran_5\">Disponibilizamos fornecimento e transporte de asfalto betuminoso para projectos de constru\u00e7\u00e3o e manuten\u00e7\u00e3o de estradas, com qualidade certificada e prazos rigorosos.<\/p>\n                            <\/div>\n                        <\/div>\n                    <\/div>\n\t\t\t\t\t\n\t\t\t\t\t\t\t\t\t\n                    <div class=\"col-lg-4 col-md-6 col-sm-12 feature-block\">\n                        <div class=\"feature-block-three wow fadeInUp animated animated\" data-wow-delay=\"00ms\" data-wow-duration=\"1500ms\">\n                            <div class=\"inner-box p_relative d_block b_radius_10 b_shadow_6 pl_40 pt_70 pr_40 pb_70 centred\">\n                                <div class=\"icon-box p_relative d_iblock w_80 h_80 lh_85 fs_45 centred b_radius_50 mb_20\"><i class=\" icon-95\"><\/i><\/div>\n                                <h4 class=\"d_block fs_24 lh_30 fw_sbold mb_15 tran_5\">FORNECIMENTO DE <\/br>\n GAS\u00d3LEO<\/h4>\n                                <p class=\"font_family_poppins tran_5\">Comercializamos e distribu\u00edmos gas\u00f3leo para frotas, ind\u00fastrias e embarca\u00e7\u00f5es, assegurando volume, qualidade e conformidade com normas ambientais.<\/p>\n                            <\/div>\n                        <\/div>\n                    <\/div>\n\t\t\t\t\t\n\t\t\t\t\t\t\t\t\t\n                    <div class=\"col-lg-4 col-md-6 col-sm-12 feature-block\">\n                        <div class=\"feature-block-three wow fadeInUp animated animated\" data-wow-delay=\"00ms\" data-wow-duration=\"1500ms\">\n                            <div class=\"inner-box p_relative d_block b_radius_10 b_shadow_6 pl_40 pt_70 pr_40 pb_70 centred\">\n                                <div class=\"icon-box p_relative d_iblock w_80 h_80 lh_85 fs_45 centred b_radius_50 mb_20\"><i class=\" icon-59\"><\/i><\/div>\n                                <h4 class=\"d_block fs_24 lh_30 fw_sbold mb_15 tran_5\">QUEROSENE<\/br>\n (PETR\u00d3LEO) <\/h4>\n                                <p class=\"font_family_poppins tran_5\">Fornecemos querosene de forma segura e eficiente para uso industrial, energ\u00e9tico e log\u00edstico, em conformidade com padr\u00f5es de qualidade.<\/p>\n                            <\/div>\n                        <\/div>\n                    <\/div>\n\t\t\t\t\t\n\t\t\t\t\t\t\t\t\t\n                    <div class=\"col-lg-4 col-md-6 col-sm-12 feature-block\">\n                        <div class=\"feature-block-three wow fadeInUp animated animated\" data-wow-delay=\"00ms\" data-wow-duration=\"1500ms\">\n                            <div class=\"inner-box p_relative d_block b_radius_10 b_shadow_6 pl_40 pt_70 pr_40 pb_70 centred\">\n                                <div class=\"icon-box p_relative d_iblock w_80 h_80 lh_85 fs_45 centred b_radius_50 mb_20\"><i class=\" icon-59\"><\/i><\/div>\n                                <h4 class=\"d_block fs_24 lh_30 fw_sbold mb_15 tran_5\">INSTALA\u00c7\u00c3O DE<\/br>\n EQUIPAMENTOS INDUSTRIAIS<\/h4>\n                                <p class=\"font_family_poppins tran_5\">Planeamos e executamos a instala\u00e7\u00e3o de equipamentos industriais, assegurando montagem t\u00e9cnica, testes de opera\u00e7\u00e3o e suporte p\u00f3s-instala\u00e7\u00e3o.<\/p>\n                            <\/div>\n                        <\/div>\n                    <\/div>\n\t\t\t\t\t\n\t\t\t\t\t\t\t\t\t\n                    <div class=\"col-lg-4 col-md-6 col-sm-12 feature-block\">\n                        <div class=\"feature-block-three wow fadeInUp animated animated\" data-wow-delay=\"00ms\" data-wow-duration=\"1500ms\">\n                            <div class=\"inner-box p_relative d_block b_radius_10 b_shadow_6 pl_40 pt_70 pr_40 pb_70 centred\">\n                                <div class=\"icon-box p_relative d_iblock w_80 h_80 lh_85 fs_45 centred b_radius_50 mb_20\"><i class=\" icon-59\"><\/i><\/div>\n                                <h4 class=\"d_block fs_24 lh_30 fw_sbold mb_15 tran_5\">LUBRIFICANTE<\/br>\n(GALP, SONANGOL &amp; PUMANGOL)<\/h4>\n                                <p class=\"font_family_poppins tran_5\">Distribu\u00edmos lubrificantes de refer\u00eancia internacional, garantindo desempenho optimizado de motores, m\u00e1quinas e equipamentos industriais.<\/p>\n                            <\/div>\n                        <\/div>\n                    <\/div>\n\t\t\t\t\t\n\t\t\t\t\t\t\t\t\t\n                    <div class=\"col-lg-4 col-md-6 col-sm-12 feature-block\">\n                        <div class=\"feature-block-three wow fadeInUp animated animated\" data-wow-delay=\"00ms\" data-wow-duration=\"1500ms\">\n                            <div class=\"inner-box p_relative d_block b_radius_10 b_shadow_6 pl_40 pt_70 pr_40 pb_70 centred\">\n                                <div class=\"icon-box p_relative d_iblock w_80 h_80 lh_85 fs_45 centred b_radius_50 mb_20\"><i class=\" icon-59\"><\/i><\/div>\n                                <h4 class=\"d_block fs_24 lh_30 fw_sbold mb_15 tran_5\">PRESTA\u00c7\u00c3O DE<\/br>\nSERVI\u00c7O DE TRANSPORTE<\/h4>\n                                <p class=\"font_family_poppins tran_5\">Presta\u00e7\u00e3o de Servi\u00e7o de Transporte\nOferecemos solu\u00e7\u00f5es de transporte terrestre para mercadorias e equipamentos, com frota diversificada e gest\u00e3o orientada para efici\u00eancia e seguran\u00e7a.<\/p>\n                            <\/div>\n                        <\/div>\n                    <\/div>\n\t\t\t\t\t\n\t\t\t\t\t\t\t\t\t\t\n                <\/div>\n            <\/div>\n        <\/section>\n\t\t\n\t\t             \n\t\t\t\t\t\t<\/div>\n\t\t\t\t<\/div>\n\t\t\t\t\t<\/div>\n\t\t<\/div>\n\t\t\t\t\t<\/div>\n\t\t<\/section>\n\t\t\t\t<\/div>\n\t\t","protected":false},"excerpt":{"rendered":"<p>Os Nossos Servi\u00e7os AGENTE DE NAVEGA\u00c7\u00c3O Acompanhamos e representamos embarca\u00e7\u00f5es nacionais e internacionais em portos angolanos, garantindo efici\u00eancia em todos os processos de escala, documenta\u00e7\u00e3o e coordena\u00e7\u00e3o com as autoridades mar\u00edtimas. PRESTA\u00c7\u00c3O DE SERVI\u00c7O DE OPERADOR DE ESTIVA PORTU\u00c1RIA Executamos opera\u00e7\u00f5es de carga e descarga com rigor t\u00e9cnico, seguran\u00e7a e cumprimento das normas internacionais, assegurando [&hellip;]<\/p>\n","protected":false},"author":1,"featured_media":0,"parent":0,"menu_order":0,"comment_status":"closed","ping_status":"closed","template":"tpl-default-elementor.php","meta":{"footnotes":""},"class_list":["post-307","page","type-page","status-publish","hentry"],"_links":{"self":[{"href":"https:\/\/lasbergui-ao.com\/index.php?rest_route=\/wp\/v2\/pages\/307","targetHints":{"allow":["GET"]}}],"collection":[{"href":"https:\/\/lasbergui-ao.com\/index.php?rest_route=\/wp\/v2\/pages"}],"about":[{"href":"https:\/\/lasbergui-ao.com\/index.php?rest_route=\/wp\/v2\/types\/page"}],"author":[{"embeddable":true,"href":"https:\/\/lasbergui-ao.com\/index.php?rest_route=\/wp\/v2\/users\/1"}],"replies":[{"embeddable":true,"href":"https:\/\/lasbergui-ao.com\/index.php?rest_route=%2Fwp%2Fv2%2Fcomments&post=307"}],"version-history":[{"count":19,"href":"https:\/\/lasbergui-ao.com\/index.php?rest_route=\/wp\/v2\/pages\/307\/revisions"}],"predecessor-version":[{"id":1868,"href":"https:\/\/lasbergui-ao.com\/index.php?rest_route=\/wp\/v2\/pages\/307\/revisions\/1868"}],"wp:attachment":[{"href":"https:\/\/lasbergui-ao.com\/index.php?rest_route=%2Fwp%2Fv2%2Fmedia&parent=307"}],"curies":[{"name":"wp","href":"https:\/\/api.w.org\/{rel}","templated":true}]}}